{"id":81,"date":"2022-11-15T11:26:46","date_gmt":"2022-11-15T11:26:46","guid":{"rendered":"https:\/\/huizepie.nl\/?page_id=81"},"modified":"2022-12-23T13:15:54","modified_gmt":"2022-12-23T13:15:54","slug":"samen","status":"publish","type":"page","link":"https:\/\/huizepie.nl\/?page_id=81","title":{"rendered":"Samen"},"content":{"rendered":"\n<div class=\"wp-block-cover is-light\"><span aria-hidden=\"true\" class=\"wp-block-cover__background has-background-dim\"><\/span><img loading=\"lazy\" decoding=\"async\" width=\"1536\" height=\"2048\" class=\"wp-block-cover__image-background wp-image-153\" alt=\"\" src=\"https:\/\/huizepie.nl\/wp-content\/uploads\/2022\/11\/IMG_0977.jpg\" data-object-fit=\"cover\" srcset=\"https:\/\/huizepie.nl\/wp-content\/uploads\/2022\/11\/IMG_0977.jpg 1536w, https:\/\/huizepie.nl\/wp-content\/uploads\/2022\/11\/IMG_0977-225x300.jpg 225w, https:\/\/huizepie.nl\/wp-content\/uploads\/2022\/11\/IMG_0977-768x1024.jpg 768w, https:\/\/huizepie.nl\/wp-content\/uploads\/2022\/11\/IMG_0977-1152x1536.jpg 1152w, https:\/\/huizepie.nl\/wp-content\/uploads\/2022\/11\/IMG_0977-203x270.jpg 203w\" sizes=\"auto, (max-width: 1536px) 100vw, 1536px\" \/><div class=\"wp-block-cover__inner-container is-layout-flow wp-block-cover-is-layout-flow\">\n<p class=\"has-text-align-center has-white-color has-text-color has-large-font-size\">Waarom moeilijk doen, als het samen kan.<\/p>\n<\/div><\/div>\n\n\n\n<p><\/p>\n\n\n\n<blockquote class=\"wp-block-quote is-layout-flow wp-block-quote-is-layout-flow\">\n<h3 class=\"has-text-color wp-block-heading\" style=\"color:#5aa84f;font-size:18px\">sa\u00b7men\u00a0<em>(bijwoord)<\/em>  <strong>1<\/strong> bij elkaar:\u00a0<em>dat\u00a0wordt\u00a0samen \u20ac\u00a025,-<\/em><\/h3>\n\n\n\n<h3 class=\"has-text-color wp-block-heading\" style=\"color:#5aa84f;font-size:18px\"><strong>2<\/strong> in elkaars gezelschap;\u00a0=\u00a0gezamenlijk:\u00a0<em>we\u00a0gaan\u00a0samen<\/em>;\u00a0<em>samen\u00a0uit, samen thuis\u00a0<\/em>wat je gezamenlijk onderneemt, moet je ook gezamenlijk be\u00ebindigen<\/h3>\n<\/blockquote>\n\n\n\n<h2 class=\"wp-block-heading\">Wat betekent de pijler samen? <\/h2>\n\n\n\n<p class=\"has-text-color\" style=\"color:#5aa84f\">Samen met je begeleider<\/p>\n\n\n\n<p>\u00c9\u00e9n op \u00e9\u00e9n begeleiding, dat is het grootste doel van Huize Pie, iedere dag samen met \u00e9\u00e9n begeleider. Met deze begeleider wordt de dag gestart, doorlopen en ge\u00ebindigd. Deze momenten zijn vol activiteiten die samen worden uitgevoerd; training, werkjes, wandelen, knutselen ect. Naast momenten met begeleider hebben ze ook vaak 1 op 1 momenten met de therapeuten, samen muziek maken op de accordeon, samen nieuwe woordjes leren of een spel spelen, deze momenten zorgen voor extra aandacht en daar genieten onze jongeren enorm van. <\/p>\n\n\n\n<p class=\"has-text-color\" style=\"color:#5aa84f\">Samen met de groep<\/p>\n\n\n\n<p>Naast samen met je begeleider, zijn onze jongeren ook vaak samen als groep. Met de groep maken we vaker een uitje, grote wandelingen of spelen we samen een spelletje. Hoe goed ze kunnen genieten van 1 op 1, vinden ze het ook vaak gezellig om samen tv te kijken, iets te gaan drinken of samen te trommelen op de grote trom. Naast deze momenten zijn ze natuurlijk altijd samen in de ruimte, eten we samen en beginnen\/sluiten we de dag samen af. <\/p>\n\n\n\n<p class=\"has-text-color\" style=\"color:#5aa84f\">Samen met je systeem <\/p>\n\n\n\n<p>Ook het systeem proberen wij erbij te betrekken, want samen zorgen wij voor de ontwikkeling\/opvoeding van de jongeren. Dan is het wel zo fijn als je contact hebt met het systeem en samen op \u00e9\u00e9n lijn ligt over doelen en toekomst. <\/p>\n\n\n\n<p class=\"has-text-color\" style=\"color:#5aa84f\">Samen met de samenleving <\/p>\n\n\n\n<p>Ook onze jongeren zijn vaak tussen mensen te vinden in de samenleving. Eten in een restaurant, het halen van boodschappen of een rondje over de markt.  Hierbij zijn sociale vaardigheden nodig, het vragen van een glaasje cola, het wachten in een rij of het voorlaten van andere mensen. Al deze vaardigheden leren ze samen in en met de samenleving, zonder deze mensen zijn sociale vaardigheden lastiger aan te leren. <\/p>\n\n\n\n<!-- Final Tiles Grid Gallery for WordPress v3.6.7 free --><style>#ftg-55 .tile .icon { color:#ffffff; }#ftg-55 .ftg-items .loading-bar i { background:#666; }#ftg-55 .ftg-items .loading-bar { background:#fff; }#ftg-55 .tile .icon { font-size:12px; }#ftg-55 .tile .icon { margin: -6px 0 0 -6px; }#ftg-55 .tile .caption-block .text-wrapper span.text { font-size:12px; }#ftg-55 .tile .caption-outside .text-wrapper span.text { font-size:12px; }#ftg-55 .tile .caption-block .text-wrapper span.title { font-size:14px; }#ftg-55 .tile .caption-outside .text-wrapper span.title { font-size:14px; }#ftg-55 .tile { background-color: transparent; }#ftg-55 .tile .caption-block .text-wrapper span.text { color: #ffffff; }#ftg-55 .tile .caption-block .text-wrapper span.title { color: #ffffff; }#ftg-55 .tile .caption-outside .text-wrapper span.text { color: #ffffff; }#ftg-55 .tile .caption-outside .text-wrapper span.title { color: #ffffff; }#ftg-55 .tile .ftg-social a { color: #ffffff; }#ftg-55 .tile .caption-block { transition-duration:0.25s; }#ftg-55 .tile .tile-inner:before { background-color: #000000; }#ftg-55 .tile .tile-inner:before { background-color: rgba(0, 0, 0, 0.8); }#ftg-55 .tile:hover img {-moz-transform: -moz-rotate(0deg) -moz-scale(0) ;-webkit-transform: -webkit-rotate(0deg) -webkit-scale(0) ;-o-transform: -o-rotate(0deg) -o-scale(0) ;-ms-transform: -ms-rotate(0deg) -ms-scale(0) ;transform: rotate(0deg) scale(0) ;}<\/style><a name=\"5\"><\/a><div class=\"final-tiles-gallery  ftg-hover-enabled caption-inside  caption-none caption-middle caption-center\" id=\"ftg-55\" style=\"width: 100%\"><div class='ftg-items'><div class='loading-bar'><i><\/i><\/div><div  class='tile ftg-preload  '><a title=\"\" data-lightbox='ftg-55' rel='ftg-55'  class=' tile-inner  ftg-lightbox' href='https:\/\/huizepie.nl\/wp-content\/uploads\/2022\/12\/1948dc70-bc0c-4927-b34f-6fefded8b0e3.jpg' ><img alt='' class='item skip-lazy' data-class='item' data-ftg-source='https:\/\/huizepie.nl\/wp-content\/uploads\/2022\/12\/1948dc70-bc0c-4927-b34f-6fefded8b0e3.jpg' src='https:\/\/huizepie.nl\/wp-content\/uploads\/2022\/12\/1948dc70-bc0c-4927-b34f-6fefded8b0e3.jpg' width='360' height='640' \/><\/a><div class='ftg-social'><\/div><\/div><div  class='tile ftg-preload  '><a title=\"\" data-lightbox='ftg-55' rel='ftg-55'  class=' tile-inner  ftg-lightbox' href='https:\/\/huizepie.nl\/wp-content\/uploads\/2022\/12\/a79721da-8f2a-4a97-900c-9fb546862b19.jpg' ><img alt='' class='item skip-lazy' data-class='item' data-ftg-source='https:\/\/huizepie.nl\/wp-content\/uploads\/2022\/12\/a79721da-8f2a-4a97-900c-9fb546862b19.jpg' src='https:\/\/huizepie.nl\/wp-content\/uploads\/2022\/12\/a79721da-8f2a-4a97-900c-9fb546862b19.jpg' width='360' height='640' \/><\/a><div class='ftg-social'><\/div><\/div><div  class='tile ftg-preload  '><a title=\"\" data-lightbox='ftg-55' rel='ftg-55'  class=' tile-inner  ftg-lightbox' href='https:\/\/huizepie.nl\/wp-content\/uploads\/2022\/12\/96d421ed-13a8-4083-8b33-1849d4c8b245.jpg' ><img alt='' class='item skip-lazy' data-class='item' data-ftg-source='https:\/\/huizepie.nl\/wp-content\/uploads\/2022\/12\/96d421ed-13a8-4083-8b33-1849d4c8b245.jpg' src='https:\/\/huizepie.nl\/wp-content\/uploads\/2022\/12\/96d421ed-13a8-4083-8b33-1849d4c8b245.jpg' width='640' height='480' \/><\/a><div class='ftg-social'><\/div><\/div><div  class='tile ftg-preload  '><a title=\"\" data-lightbox='ftg-55' rel='ftg-55'  class=' tile-inner  ftg-lightbox' href='https:\/\/huizepie.nl\/wp-content\/uploads\/2022\/12\/ad228c56-03dc-4f0a-b8d9-ff60b5710de6.jpg' ><img alt='' class='item skip-lazy' data-class='item' data-ftg-source='https:\/\/huizepie.nl\/wp-content\/uploads\/2022\/12\/ad228c56-03dc-4f0a-b8d9-ff60b5710de6.jpg' src='https:\/\/huizepie.nl\/wp-content\/uploads\/2022\/12\/ad228c56-03dc-4f0a-b8d9-ff60b5710de6.jpg' width='360' height='640' \/><\/a><div class='ftg-social'><\/div><\/div><div  class='tile ftg-preload  '><a title=\"\" data-lightbox='ftg-55' rel='ftg-55'  class=' tile-inner  ftg-lightbox' href='https:\/\/huizepie.nl\/wp-content\/uploads\/2022\/12\/aad73a64-8a8d-48a5-b7a9-813c6a065f82.jpg' ><img alt='' class='item skip-lazy' data-class='item' data-ftg-source='https:\/\/huizepie.nl\/wp-content\/uploads\/2022\/12\/aad73a64-8a8d-48a5-b7a9-813c6a065f82.jpg' src='https:\/\/huizepie.nl\/wp-content\/uploads\/2022\/12\/aad73a64-8a8d-48a5-b7a9-813c6a065f82.jpg' width='480' height='640' \/><\/a><div class='ftg-social'><\/div><\/div><div  class='tile ftg-preload  '><a title=\"\" data-lightbox='ftg-55' rel='ftg-55'  class=' tile-inner  ftg-lightbox' href='https:\/\/huizepie.nl\/wp-content\/uploads\/2022\/12\/b33f0baf-c034-47a5-bc4c-018e146208de.jpg' ><img alt='' class='item skip-lazy' data-class='item' data-ftg-source='https:\/\/huizepie.nl\/wp-content\/uploads\/2022\/12\/b33f0baf-c034-47a5-bc4c-018e146208de.jpg' src='https:\/\/huizepie.nl\/wp-content\/uploads\/2022\/12\/b33f0baf-c034-47a5-bc4c-018e146208de.jpg' width='480' height='640' \/><\/a><div class='ftg-social'><\/div><\/div><div  class='tile ftg-preload  '><a title=\"\" data-lightbox='ftg-55' rel='ftg-55'  class=' tile-inner  ftg-lightbox' href='https:\/\/huizepie.nl\/wp-content\/uploads\/2022\/12\/d25fa0c1-2f1c-477a-9611-01bcb0218b52.jpg' ><img alt='' class='item skip-lazy' data-class='item' data-ftg-source='https:\/\/huizepie.nl\/wp-content\/uploads\/2022\/12\/d25fa0c1-2f1c-477a-9611-01bcb0218b52.jpg' src='https:\/\/huizepie.nl\/wp-content\/uploads\/2022\/12\/d25fa0c1-2f1c-477a-9611-01bcb0218b52.jpg' width='480' height='640' \/><\/a><div class='ftg-social'><\/div><\/div><div  class='tile ftg-preload  '><a title=\"\" data-lightbox='ftg-55' rel='ftg-55'  class=' tile-inner  ftg-lightbox' href='https:\/\/huizepie.nl\/wp-content\/uploads\/2022\/12\/IMG_1572-1024x810.jpg' ><img alt='' class='item skip-lazy' data-class='item' data-ftg-source='https:\/\/huizepie.nl\/wp-content\/uploads\/2022\/12\/IMG_1572-1024x810.jpg' src='https:\/\/huizepie.nl\/wp-content\/uploads\/2022\/12\/IMG_1572-1024x810.jpg' width='640' height='506' \/><\/a><div class='ftg-social'><\/div><\/div><\/div><\/div>\n","protected":false},"excerpt":{"rendered":"<p>sa\u00b7men\u00a0(bijwoord) 1 bij elkaar:\u00a0dat\u00a0wordt\u00a0samen \u20ac\u00a025,- 2 in elkaars gezelschap;\u00a0=\u00a0gezamenlijk:\u00a0we\u00a0gaan\u00a0samen;\u00a0samen\u00a0uit, samen thuis\u00a0wat je gezamenlijk onderneemt, moet je ook gezamenlijk be\u00ebindigen Wat betekent de pijler samen? Samen met je begeleider \u00c9\u00e9n op \u00e9\u00e9n begeleiding, dat is het grootste doel van Huize Pie, iedere dag samen met \u00e9\u00e9n begeleider. Met deze begeleider wordt de dag gestart, doorlopen en ge\u00ebindigd. Deze momenten zijn vol activiteiten die samen worden uitgevoerd; training, werkjes, wandelen, knutselen ect. Naast momenten met begeleider hebben ze ook vaak 1 op&#8230;<\/p>\n<p class=\"read-more\"><a class=\"btn btn-default\" href=\"https:\/\/huizepie.nl\/?page_id=81\"> Lees Meer<span class=\"screen-reader-text\">  Lees Meer<\/span><\/a><\/p>\n","protected":false},"author":1,"featured_media":0,"parent":0,"menu_order":0,"comment_status":"closed","ping_status":"closed","template":"","meta":{"footnotes":""},"class_list":["post-81","page","type-page","status-publish","hentry"],"_links":{"self":[{"href":"https:\/\/huizepie.nl\/index.php?rest_route=\/wp\/v2\/pages\/81","targetHints":{"allow":["GET"]}}],"collection":[{"href":"https:\/\/huizepie.nl\/index.php?rest_route=\/wp\/v2\/pages"}],"about":[{"href":"https:\/\/huizepie.nl\/index.php?rest_route=\/wp\/v2\/types\/page"}],"author":[{"embeddable":true,"href":"https:\/\/huizepie.nl\/index.php?rest_route=\/wp\/v2\/users\/1"}],"replies":[{"embeddable":true,"href":"https:\/\/huizepie.nl\/index.php?rest_route=%2Fwp%2Fv2%2Fcomments&post=81"}],"version-history":[{"count":22,"href":"https:\/\/huizepie.nl\/index.php?rest_route=\/wp\/v2\/pages\/81\/revisions"}],"predecessor-version":[{"id":458,"href":"https:\/\/huizepie.nl\/index.php?rest_route=\/wp\/v2\/pages\/81\/revisions\/458"}],"wp:attachment":[{"href":"https:\/\/huizepie.nl\/index.php?rest_route=%2Fwp%2Fv2%2Fmedia&parent=81"}],"curies":[{"name":"wp","href":"https:\/\/api.w.org\/{rel}","templated":true}]}}