{"id":83,"date":"2022-11-15T11:26:53","date_gmt":"2022-11-15T11:26:53","guid":{"rendered":"https:\/\/huizepie.nl\/?page_id=83"},"modified":"2024-06-08T15:31:15","modified_gmt":"2024-06-08T15:31:15","slug":"leren","status":"publish","type":"page","link":"https:\/\/huizepie.nl\/?page_id=83","title":{"rendered":"Leren"},"content":{"rendered":"\n<div class=\"wp-block-cover is-light\"><span aria-hidden=\"true\" class=\"wp-block-cover__background has-background-dim\"><\/span><img loading=\"lazy\" decoding=\"async\" width=\"1536\" height=\"2048\" class=\"wp-block-cover__image-background wp-image-157\" alt=\"\" src=\"https:\/\/huizepie.nl\/wp-content\/uploads\/2022\/11\/561c33e7-a7fb-4e6b-befa-a48228987d00.jpg\" data-object-fit=\"cover\" srcset=\"https:\/\/huizepie.nl\/wp-content\/uploads\/2022\/11\/561c33e7-a7fb-4e6b-befa-a48228987d00.jpg 1536w, https:\/\/huizepie.nl\/wp-content\/uploads\/2022\/11\/561c33e7-a7fb-4e6b-befa-a48228987d00-225x300.jpg 225w, https:\/\/huizepie.nl\/wp-content\/uploads\/2022\/11\/561c33e7-a7fb-4e6b-befa-a48228987d00-768x1024.jpg 768w, https:\/\/huizepie.nl\/wp-content\/uploads\/2022\/11\/561c33e7-a7fb-4e6b-befa-a48228987d00-1152x1536.jpg 1152w, https:\/\/huizepie.nl\/wp-content\/uploads\/2022\/11\/561c33e7-a7fb-4e6b-befa-a48228987d00-203x270.jpg 203w\" sizes=\"auto, (max-width: 1536px) 100vw, 1536px\" \/><div class=\"wp-block-cover__inner-container is-layout-flow wp-block-cover-is-layout-flow\">\n<p class=\"has-text-align-center has-white-color has-text-color has-large-font-size\">\u00b4Als iets niet lukt<br> heb je niet gefaald, maar geleerd\u00b4<\/p>\n<\/div><\/div>\n\n\n\n<p class=\"has-text-color\" style=\"color:#5aa84f\"><\/p>\n\n\n\n<blockquote class=\"wp-block-quote is-layout-flow wp-block-quote-is-layout-flow\">\n<p class=\"has-text-color\" style=\"color:#5aa84f\">Leren= In de breedste zin wordt leren gedefinieerd als&nbsp;<strong>een proces waarbij ervaring een permanente verandering in kennis of gedrag veroorzaakt<\/strong>. Dit kan met opzet zijn of onbedoeld, in voor- of tegenspoed, correct of incorrect en bewust of onbewust.<\/p>\n<\/blockquote>\n\n\n\n<h2 class=\"wp-block-heading\">Wat betekent de pijler leren? <\/h2>\n\n\n\n<p class=\"has-text-color\" style=\"color:#5aa84f\">Leren voor onze jongeren<\/p>\n\n\n\n<p>Onze jongeren leren aan de hand van een persoonlijk leerplan en doelen die opgesteld worden door begeleiders en externe professionals. Al deze doelen worden SMART geformuleerd in het online systeem Zilliz. Hierin kan het hele systeem bijhouden hoever de jongere is met zijn doelen en waar thuis of bij Huize Pie aangewerkt kan worden. De doelen worden iedere week\/maand gereflecteerd en eventueel aangepast, zodat deze altijd past bij de huidige situatie.<\/p>\n\n\n\n<p>Om deze doelen te bereiken wordt er door begeleiders iedere dag tijdens \u00e9\u00e9n op \u00e9\u00e9n momenten gewerkt aan vaardigheden en doelen. Tijdens deze momenten wordt er gewerkt aan zowel motorische doelen, cognitieve doelen en doelen omtrent zelfredzaamheid. Hierbij kan men denken aan flitskaarten, maken van werkjes, leren schrijven of tellen, middels taakanalyse leren tafeldekken ect. Tijdens deze trainingen wordt er tussendoor beloond met liedjes, klappen, kort spelletjes of eventueel sensopatisch materiaal.<\/p>\n\n\n\n<p>Naast trainingen die onze eigen begeleiders bieden, zorgen ook de externe professionals voor extra ondersteuning, zo wordt er geoefend met spraak en de spraakcomputer, leren ze op de maat muziek maken of beurtwisseling tijdens een spel. <\/p>\n\n\n\n<p>Ook wordt aan tafel veel gewerkt met eentaaksdozen, match werkjes of ander passend materiaal. Dit materiaal wordt meerdere keren per jaar aangevuld of gewisseld, zodat het steeds vernieuwd en uitdagend blijft voor de jongeren. <\/p>\n\n\n\n<p>Wij vinden het belangrijk dat zoveel mogelijk uit deze doelgroep wordt gehaald, zij lopen vaker tegen problemen aan en kunnen daardoor niet mee met de maatschappij. Ons doel is dan ook uiteindelijk dat ze zelfstandigheid opbouwen en mee kunnen functioneren in de maatschappij (met aangepaste hulp waar nodig is). <\/p>\n\n\n\n<p>Al dit harde werk wordt natuurlijk op een spelenderwijze gedaan met leuke activiteiten tussendoor aan tafel of buiten Huize Pie. Zo wordt er veel geknutseld, vindt er iedere maand een nieuw thema plaats met een thematafel en verhaal, dobberen we in het bad of maken we ons vies met scheerschuim. <\/p>\n\n\n\n<p class=\"has-text-color\" style=\"color:#5aa84f\">Leren voor onze begeleiders<\/p>\n\n\n\n<p>Wij als begeleiders zijn ook continu bezig met verbeteren en aanleren van nieuwe vaardigheden. Zo hebben wij ook allemaal een persoonlijk ontwikkelingsplan met onze doelen en wensen voor in de toekomst. De een heeft meer focus op opleidingen, de ander gaat graag naar workshops of meetings, zo wordt er gezorgd dat ook de begeleiders steeds nieuwe dingen leren. <\/p>\n\n\n\n<p>Een aantal cursussen die al gevolgd zijn:<\/p>\n\n\n\n<ul class=\"wp-block-list\">\n<li>Ziezo zintuigen<\/li>\n\n\n\n<li>BHV <\/li>\n\n\n\n<li>ABA\/DDT workshop<\/li>\n\n\n\n<li>Medicatie veiligheid<\/li>\n<\/ul>\n\n\n\n<!-- Final Tiles Grid Gallery for WordPress v3.6.7 free --><style>#ftg-33 .tile .icon { color:#ffffff; }#ftg-33 .ftg-items .loading-bar i { background:#666; }#ftg-33 .ftg-items .loading-bar { background:#fff; }#ftg-33 .tile .icon { font-size:12px; }#ftg-33 .tile .icon { margin: -6px 0 0 -6px; }#ftg-33 .tile .caption-block .text-wrapper span.text { font-size:12px; }#ftg-33 .tile .caption-outside .text-wrapper span.text { font-size:12px; }#ftg-33 .tile .caption-block .text-wrapper span.title { font-size:14px; }#ftg-33 .tile .caption-outside .text-wrapper span.title { font-size:14px; }#ftg-33 .tile { background-color: transparent; }#ftg-33 .tile .caption-block .text-wrapper span.text { color: #ffffff; }#ftg-33 .tile .caption-block .text-wrapper span.title { color: #ffffff; }#ftg-33 .tile .caption-outside .text-wrapper span.text { color: #ffffff; }#ftg-33 .tile .caption-outside .text-wrapper span.title { color: #ffffff; }#ftg-33 .tile .ftg-social a { color: #ffffff; }#ftg-33 .tile .caption-block { transition-duration:0.25s; }#ftg-33 .tile .tile-inner:before { background-color: #000000; }#ftg-33 .tile .tile-inner:before { background-color: rgba(0, 0, 0, 0.8); }#ftg-33 .tile:hover img {-moz-transform: -moz-rotate(0deg) -moz-scale(0) ;-webkit-transform: -webkit-rotate(0deg) -webkit-scale(0) ;-o-transform: -o-rotate(0deg) -o-scale(0) ;-ms-transform: -ms-rotate(0deg) -ms-scale(0) ;transform: rotate(0deg) scale(0) ;}<\/style><a name=\"3\"><\/a><div class=\"final-tiles-gallery  ftg-hover-enabled caption-inside  caption-none caption-middle caption-center\" id=\"ftg-33\" style=\"width: 100%\"><div class='ftg-items'><div class='loading-bar'><i><\/i><\/div><div  class='tile ftg-preload  '><a title=\"\" data-lightbox='ftg-33' rel='ftg-33'  class=' tile-inner  ftg-lightbox' href='https:\/\/huizepie.nl\/wp-content\/uploads\/2022\/12\/4d59425d-59d1-45f5-94e5-43dd53d1152e-577x1024.jpg' ><img alt='' class='item skip-lazy' data-class='item' data-ftg-source='https:\/\/huizepie.nl\/wp-content\/uploads\/2022\/12\/4d59425d-59d1-45f5-94e5-43dd53d1152e-577x1024.jpg' src='https:\/\/huizepie.nl\/wp-content\/uploads\/2022\/12\/4d59425d-59d1-45f5-94e5-43dd53d1152e-577x1024.jpg' width='577' height='1024' \/><\/a><div class='ftg-social'><\/div><\/div><div  class='tile ftg-preload  '><a title=\"\" data-lightbox='ftg-33' rel='ftg-33'  class=' tile-inner  ftg-lightbox' href='https:\/\/huizepie.nl\/wp-content\/uploads\/2022\/12\/5bcb4983-dc6f-43ce-8578-2e550b1a6bef.jpg' ><img alt='' class='item skip-lazy' data-class='item' data-ftg-source='https:\/\/huizepie.nl\/wp-content\/uploads\/2022\/12\/5bcb4983-dc6f-43ce-8578-2e550b1a6bef.jpg' src='https:\/\/huizepie.nl\/wp-content\/uploads\/2022\/12\/5bcb4983-dc6f-43ce-8578-2e550b1a6bef.jpg' width='480' height='640' \/><\/a><div class='ftg-social'><\/div><\/div><div  class='tile ftg-preload  '><a title=\"\" data-lightbox='ftg-33' rel='ftg-33'  class=' tile-inner  ftg-lightbox' href='https:\/\/huizepie.nl\/wp-content\/uploads\/2022\/12\/5dd7d668-d502-475a-8cf5-f82984df5c74.jpg' ><img alt='' class='item skip-lazy' data-class='item' data-ftg-source='https:\/\/huizepie.nl\/wp-content\/uploads\/2022\/12\/5dd7d668-d502-475a-8cf5-f82984df5c74.jpg' src='https:\/\/huizepie.nl\/wp-content\/uploads\/2022\/12\/5dd7d668-d502-475a-8cf5-f82984df5c74.jpg' width='288' height='640' \/><\/a><div class='ftg-social'><\/div><\/div><div  class='tile ftg-preload  '><a title=\"\" data-lightbox='ftg-33' rel='ftg-33'  class=' tile-inner  ftg-lightbox' href='https:\/\/huizepie.nl\/wp-content\/uploads\/2022\/12\/486c43bd-bbb0-407b-8f30-cb377f07ab7e-768x1024.jpg' ><img alt='' class='item skip-lazy' data-class='item' data-ftg-source='https:\/\/huizepie.nl\/wp-content\/uploads\/2022\/12\/486c43bd-bbb0-407b-8f30-cb377f07ab7e.jpg' src='https:\/\/huizepie.nl\/wp-content\/uploads\/2022\/12\/486c43bd-bbb0-407b-8f30-cb377f07ab7e.jpg' width='1200' height='1600' \/><\/a><div class='ftg-social'><\/div><\/div><div  class='tile ftg-preload  '><a title=\"\" data-lightbox='ftg-33' rel='ftg-33'  class=' tile-inner  ftg-lightbox' href='https:\/\/huizepie.nl\/wp-content\/uploads\/2022\/12\/8070d07f-537a-464d-ac39-e1a7b0c5d49d.jpg' ><img alt='' class='item skip-lazy' data-class='item' data-ftg-source='https:\/\/huizepie.nl\/wp-content\/uploads\/2022\/12\/8070d07f-537a-464d-ac39-e1a7b0c5d49d.jpg' src='https:\/\/huizepie.nl\/wp-content\/uploads\/2022\/12\/8070d07f-537a-464d-ac39-e1a7b0c5d49d.jpg' width='480' height='640' \/><\/a><div class='ftg-social'><\/div><\/div><div  class='tile ftg-preload  '><a title=\"\" data-lightbox='ftg-33' rel='ftg-33'  class=' tile-inner  ftg-lightbox' href='https:\/\/huizepie.nl\/wp-content\/uploads\/2022\/12\/afa0f6f7-d4b9-476c-b7be-946f13f74e14.jpg' ><img alt='' class='item skip-lazy' data-class='item' data-ftg-source='https:\/\/huizepie.nl\/wp-content\/uploads\/2022\/12\/afa0f6f7-d4b9-476c-b7be-946f13f74e14.jpg' src='https:\/\/huizepie.nl\/wp-content\/uploads\/2022\/12\/afa0f6f7-d4b9-476c-b7be-946f13f74e14.jpg' width='418' height='640' \/><\/a><div class='ftg-social'><\/div><\/div><div  class='tile ftg-preload  '><a title=\"\" data-lightbox='ftg-33' rel='ftg-33'  class=' tile-inner  ftg-lightbox' href='https:\/\/huizepie.nl\/wp-content\/uploads\/2022\/12\/c1f7b98a-023b-4295-9d90-51ef6d8fd4f3.jpg' ><img alt='' class='item skip-lazy' data-class='item' data-ftg-source='https:\/\/huizepie.nl\/wp-content\/uploads\/2022\/12\/c1f7b98a-023b-4295-9d90-51ef6d8fd4f3.jpg' src='https:\/\/huizepie.nl\/wp-content\/uploads\/2022\/12\/c1f7b98a-023b-4295-9d90-51ef6d8fd4f3.jpg' width='360' height='640' \/><\/a><div class='ftg-social'><\/div><\/div><div  class='tile ftg-preload  '><a title=\"\" data-lightbox='ftg-33' rel='ftg-33'  class=' tile-inner  ftg-lightbox' href='https:\/\/huizepie.nl\/wp-content\/uploads\/2022\/12\/e7555073-471b-4445-84b8-c9a174e61962.jpg' ><img alt='' class='item skip-lazy' data-class='item' data-ftg-source='https:\/\/huizepie.nl\/wp-content\/uploads\/2022\/12\/e7555073-471b-4445-84b8-c9a174e61962.jpg' src='https:\/\/huizepie.nl\/wp-content\/uploads\/2022\/12\/e7555073-471b-4445-84b8-c9a174e61962.jpg' width='480' height='640' \/><\/a><div class='ftg-social'><\/div><\/div><div  class='tile ftg-preload  '><a title=\"\" data-lightbox='ftg-33' rel='ftg-33'  class=' tile-inner  ftg-lightbox' href='https:\/\/huizepie.nl\/wp-content\/uploads\/2022\/12\/e09971ef-ee50-4186-a8c8-8e6f31ac0ae2.jpg' ><img alt='' class='item skip-lazy' data-class='item' data-ftg-source='https:\/\/huizepie.nl\/wp-content\/uploads\/2022\/12\/e09971ef-ee50-4186-a8c8-8e6f31ac0ae2.jpg' src='https:\/\/huizepie.nl\/wp-content\/uploads\/2022\/12\/e09971ef-ee50-4186-a8c8-8e6f31ac0ae2.jpg' width='480' height='640' \/><\/a><div class='ftg-social'><\/div><\/div><\/div><\/div>\n","protected":false},"excerpt":{"rendered":"<p>Leren= In de breedste zin wordt leren gedefinieerd als&nbsp;een proces waarbij ervaring een permanente verandering in kennis of gedrag veroorzaakt. Dit kan met opzet zijn of onbedoeld, in voor- of tegenspoed, correct of incorrect en bewust of onbewust. Wat betekent de pijler leren? Leren voor onze jongeren Onze jongeren leren aan de hand van een persoonlijk leerplan en doelen die opgesteld worden door begeleiders en externe professionals. Al deze doelen worden SMART geformuleerd in het online systeem Zilliz. Hierin kan&#8230;<\/p>\n<p class=\"read-more\"><a class=\"btn btn-default\" href=\"https:\/\/huizepie.nl\/?page_id=83\"> Lees Meer<span class=\"screen-reader-text\">  Lees Meer<\/span><\/a><\/p>\n","protected":false},"author":1,"featured_media":0,"parent":0,"menu_order":0,"comment_status":"closed","ping_status":"closed","template":"","meta":{"footnotes":""},"class_list":["post-83","page","type-page","status-publish","hentry"],"_links":{"self":[{"href":"https:\/\/huizepie.nl\/index.php?rest_route=\/wp\/v2\/pages\/83","targetHints":{"allow":["GET"]}}],"collection":[{"href":"https:\/\/huizepie.nl\/index.php?rest_route=\/wp\/v2\/pages"}],"about":[{"href":"https:\/\/huizepie.nl\/index.php?rest_route=\/wp\/v2\/types\/page"}],"author":[{"embeddable":true,"href":"https:\/\/huizepie.nl\/index.php?rest_route=\/wp\/v2\/users\/1"}],"replies":[{"embeddable":true,"href":"https:\/\/huizepie.nl\/index.php?rest_route=%2Fwp%2Fv2%2Fcomments&post=83"}],"version-history":[{"count":18,"href":"https:\/\/huizepie.nl\/index.php?rest_route=\/wp\/v2\/pages\/83\/revisions"}],"predecessor-version":[{"id":650,"href":"https:\/\/huizepie.nl\/index.php?rest_route=\/wp\/v2\/pages\/83\/revisions\/650"}],"wp:attachment":[{"href":"https:\/\/huizepie.nl\/index.php?rest_route=%2Fwp%2Fv2%2Fmedia&parent=83"}],"curies":[{"name":"wp","href":"https:\/\/api.w.org\/{rel}","templated":true}]}}